
{"id":2385,"date":"2024-06-13T12:57:00","date_gmt":"2024-06-13T16:57:00","guid":{"rendered":"https:\/\/staging.dion-ag.com\/product\/boites-densilage-b58\/"},"modified":"2025-04-11T16:31:41","modified_gmt":"2025-04-11T20:31:41","slug":"boite-a-ensilage-b58","status":"publish","type":"product","link":"https:\/\/staging.dion-ag.com\/fr\/produit\/boite-a-ensilage-b58\/","title":{"rendered":"Bo\u00eetes d&rsquo;ensilage B58"},"content":{"rendered":"","protected":false},"excerpt":{"rendered":"<h6><span style=\"color: #ee2e24;\">Fiables et polyvalentes, elles ont fait leurs preuves et laiss\u00e9 leur marque<\/span><\/h6>\n<p>Les bo\u00eetes d&rsquo;ensilage Dion se passent de pr\u00e9sentation. Reconnues et \u00e9prouv\u00e9es, elles demeurent les favorites des agriculteurs pour les fermes de toutes tailles.<\/p>\n<p>Reconnus pour leurs batteurs au design unique, ils b\u00e9n\u00e9ficient d&rsquo;une transmission \u00e0 variation continue (CVT) qui permet d&rsquo;ajuster avec pr\u00e9cision la vitesse de d\u00e9chargement.<\/p>\n<p>Dans la gamme des tailles disponibles, elles ont l&rsquo;avantage de pouvoir s&rsquo;adapter \u00e0 toutes les conditions de chargement et de d\u00e9chargement, gr\u00e2ce \u00e0 une conception hydrom\u00e9canique facile \u00e0 utiliser et \u00e0 une efficacit\u00e9 remarquable. Polyvalentes et configurables avec une multitude d&rsquo;options, elles permettent de r\u00e9pondre aux diff\u00e9rents besoins du transport de l&rsquo;ensilage.<br \/>\n<a href=\"https:\/\/staging.dion-ag.com\/fr\/produit\/construisez-votre-boite-a-ensilage-b58\/\">Construisez vos bo\u00eetes \u00e0 ensilage B58.<\/a><\/p>\n","protected":false},"featured_media":2574,"template":"","meta":[],"product_brand":[],"product_cat":[71,105],"product_tag":[],"class_list":{"0":"post-2385","1":"product","2":"type-product","3":"status-publish","4":"has-post-thumbnail","6":"product_cat-boites-d-ensilage","7":"product_cat-equipement-de-dion","9":"first","10":"instock","11":"shipping-taxable","12":"product-type-simple"},"exclude_global_add_ons":[],"addons":[],"_links":{"self":[{"href":"https:\/\/staging.dion-ag.com\/fr\/wp-json\/wp\/v2\/product\/2385","targetHints":{"allow":["GET"]}}],"collection":[{"href":"https:\/\/staging.dion-ag.com\/fr\/wp-json\/wp\/v2\/product"}],"about":[{"href":"https:\/\/staging.dion-ag.com\/fr\/wp-json\/wp\/v2\/types\/product"}],"wp:featuredmedia":[{"embeddable":true,"href":"https:\/\/staging.dion-ag.com\/fr\/wp-json\/wp\/v2\/media\/2574"}],"wp:attachment":[{"href":"https:\/\/staging.dion-ag.com\/fr\/wp-json\/wp\/v2\/media?parent=2385"}],"wp:term":[{"taxonomy":"product_brand","embeddable":true,"href":"https:\/\/staging.dion-ag.com\/fr\/wp-json\/wp\/v2\/product_brand?post=2385"},{"taxonomy":"product_cat","embeddable":true,"href":"https:\/\/staging.dion-ag.com\/fr\/wp-json\/wp\/v2\/product_cat?post=2385"},{"taxonomy":"product_tag","embeddable":true,"href":"https:\/\/staging.dion-ag.com\/fr\/wp-json\/wp\/v2\/product_tag?post=2385"}],"curies":[{"name":"wp","href":"https:\/\/api.w.org\/{rel}","templated":true}]}}