
{"id":2381,"date":"2024-06-13T12:54:24","date_gmt":"2024-06-13T16:54:24","guid":{"rendered":"https:\/\/staging.dion-ag.com\/product\/tete-rotative-a-mais-f64-2\/"},"modified":"2025-03-26T15:34:14","modified_gmt":"2025-03-26T19:34:14","slug":"tete-rotative-a-mais-f64-2","status":"publish","type":"product","link":"https:\/\/staging.dion-ag.com\/fr\/produit\/tete-rotative-a-mais-f64-2\/","title":{"rendered":"T\u00eate rotative \u00e0 ma\u00efs F64"},"content":{"rendered":"","protected":false},"excerpt":{"rendered":"<h3>\u00ab L\u2019universel \u00bb<\/h3>\n<p>Avec une largeur \u00e9quivalente \u00e0 3 rangs (30po), la t\u00eate rotative F64 s\u2019adapte \u00e0 toutes les situations et configurations.<br \/>\n<a href=\"https:\/\/staging.dion-ag.com\/fr\/produit\/construisez-votre-nez-a-mais-rotatif-f64\/\">Construisez votre t\u00eate rotative \u00e0 ma\u00efs F64.<\/a><\/p>\n","protected":false},"featured_media":2738,"template":"","meta":[],"product_brand":[],"product_cat":[67,105,122],"product_tag":[112,113],"class_list":{"0":"post-2381","1":"product","2":"type-product","3":"status-publish","4":"has-post-thumbnail","6":"product_cat-tete-rotative-mais","7":"product_cat-equipement-de-dion","8":"product_cat-trainee","9":"product_tag-90po-2-25m","10":"product_tag-3-rangs","12":"first","13":"instock","14":"shipping-taxable","15":"product-type-simple"},"exclude_global_add_ons":[],"addons":[],"_links":{"self":[{"href":"https:\/\/staging.dion-ag.com\/fr\/wp-json\/wp\/v2\/product\/2381","targetHints":{"allow":["GET"]}}],"collection":[{"href":"https:\/\/staging.dion-ag.com\/fr\/wp-json\/wp\/v2\/product"}],"about":[{"href":"https:\/\/staging.dion-ag.com\/fr\/wp-json\/wp\/v2\/types\/product"}],"wp:featuredmedia":[{"embeddable":true,"href":"https:\/\/staging.dion-ag.com\/fr\/wp-json\/wp\/v2\/media\/2738"}],"wp:attachment":[{"href":"https:\/\/staging.dion-ag.com\/fr\/wp-json\/wp\/v2\/media?parent=2381"}],"wp:term":[{"taxonomy":"product_brand","embeddable":true,"href":"https:\/\/staging.dion-ag.com\/fr\/wp-json\/wp\/v2\/product_brand?post=2381"},{"taxonomy":"product_cat","embeddable":true,"href":"https:\/\/staging.dion-ag.com\/fr\/wp-json\/wp\/v2\/product_cat?post=2381"},{"taxonomy":"product_tag","embeddable":true,"href":"https:\/\/staging.dion-ag.com\/fr\/wp-json\/wp\/v2\/product_tag?post=2381"}],"curies":[{"name":"wp","href":"https:\/\/api.w.org\/{rel}","templated":true}]}}