
{"id":2379,"date":"2024-06-13T12:02:39","date_gmt":"2024-06-13T16:02:39","guid":{"rendered":"https:\/\/staging.dion-ag.com\/product\/scorpion-300\/"},"modified":"2025-04-09T14:23:41","modified_gmt":"2025-04-09T18:23:41","slug":"scorpion-300","status":"publish","type":"product","link":"https:\/\/staging.dion-ag.com\/fr\/produit\/scorpion-300\/","title":{"rendered":"Scorpion 300"},"content":{"rendered":"","protected":false},"excerpt":{"rendered":"<p><img loading=\"lazy\" decoding=\"async\" class=\"alignnone wp-image-2262\" src=\"https:\/\/staging.dion-ag.com\/wp-content\/uploads\/2024\/06\/visuel-scorpion-vertical-224x300.jpg\" alt=\"\" width=\"98\" height=\"131\" srcset=\"https:\/\/staging.dion-ag.com\/wp-content\/uploads\/2024\/06\/visuel-scorpion-vertical-224x300.jpg 224w, https:\/\/staging.dion-ag.com\/wp-content\/uploads\/2024\/06\/visuel-scorpion-vertical-600x802.jpg 600w, https:\/\/staging.dion-ag.com\/wp-content\/uploads\/2024\/06\/visuel-scorpion-vertical-766x1024.jpg 766w, https:\/\/staging.dion-ag.com\/wp-content\/uploads\/2024\/06\/visuel-scorpion-vertical-768x1027.jpg 768w, https:\/\/staging.dion-ag.com\/wp-content\/uploads\/2024\/06\/visuel-scorpion-vertical.jpg 804w\" sizes=\"auto, (max-width: 98px) 100vw, 98px\" \/><\/p>\n<p>Con\u00e7us pour l&rsquo;agriculture moderne, nos \u00e9quipements fourragers allient une fiabilit\u00e9 \u00e9prouv\u00e9e \u00e0 des innovations de pointe. Dot\u00e9s de commandes \u00e9lectro-hydrauliques, de composants robustes et d&rsquo;une ing\u00e9nierie de pr\u00e9cision, ils offrent des performances, une durabilit\u00e9 et une efficacit\u00e9 exceptionnelles sur le terrain.<\/p>\n<p><a href=\"https:\/\/staging.dion-ag.com\/fr\/produit\/construisez-votre-scorpion-300\/\">Construisez votre Scorpion 300<\/a><\/p>\n","protected":false},"featured_media":2757,"template":"","meta":[],"product_brand":[],"product_cat":[65,105],"product_tag":[],"class_list":{"0":"post-2379","1":"product","2":"type-product","3":"status-publish","4":"has-post-thumbnail","6":"product_cat-ensileuse","7":"product_cat-equipement-de-dion","9":"first","10":"instock","11":"shipping-taxable","12":"product-type-simple"},"exclude_global_add_ons":[],"addons":[],"_links":{"self":[{"href":"https:\/\/staging.dion-ag.com\/fr\/wp-json\/wp\/v2\/product\/2379","targetHints":{"allow":["GET"]}}],"collection":[{"href":"https:\/\/staging.dion-ag.com\/fr\/wp-json\/wp\/v2\/product"}],"about":[{"href":"https:\/\/staging.dion-ag.com\/fr\/wp-json\/wp\/v2\/types\/product"}],"wp:featuredmedia":[{"embeddable":true,"href":"https:\/\/staging.dion-ag.com\/fr\/wp-json\/wp\/v2\/media\/2757"}],"wp:attachment":[{"href":"https:\/\/staging.dion-ag.com\/fr\/wp-json\/wp\/v2\/media?parent=2379"}],"wp:term":[{"taxonomy":"product_brand","embeddable":true,"href":"https:\/\/staging.dion-ag.com\/fr\/wp-json\/wp\/v2\/product_brand?post=2379"},{"taxonomy":"product_cat","embeddable":true,"href":"https:\/\/staging.dion-ag.com\/fr\/wp-json\/wp\/v2\/product_cat?post=2379"},{"taxonomy":"product_tag","embeddable":true,"href":"https:\/\/staging.dion-ag.com\/fr\/wp-json\/wp\/v2\/product_tag?post=2379"}],"curies":[{"name":"wp","href":"https:\/\/api.w.org\/{rel}","templated":true}]}}