
{"id":2176,"date":"2024-06-21T08:57:33","date_gmt":"2024-06-21T12:57:33","guid":{"rendered":"https:\/\/staging.dion-ag.com\/dion-2430\/"},"modified":"2025-04-09T15:42:08","modified_gmt":"2025-04-09T19:42:08","slug":"dion-2430","status":"publish","type":"product","link":"https:\/\/staging.dion-ag.com\/fr\/produit\/dion-2430\/","title":{"rendered":"Dion 2430"},"content":{"rendered":"","protected":false},"excerpt":{"rendered":"<p>Les performances d&rsquo;une ensileuse Dion, gr\u00e2ce \u00e0 son design rectiligne, int\u00e9grant une t\u00eate de coupe Duradrum\u2122 utilisant une technologie de couteaux segment\u00e9s similaire \u00e0 celle des ensileuses automotrices John Deere actuelles. Un mod\u00e8le exclusif aux concessionnaires John Deere.<\/p>\n<p><em>Duradrum\u2122 est une marque d\u00e9pos\u00e9e de Deere &amp; Company. Le tambour de la t\u00eate de coupe Duradrum\u2122 a \u00e9t\u00e9 modifi\u00e9 pour s&rsquo;adapter \u00e0 la Dion PTFH. <\/em><br \/>\n<a href=\"https:\/\/staging.dion-ag.com\/fr\/produit\/construisez-votre-dion-2430\/\">Construisez votre Dion 2430<\/a><\/p>\n","protected":false},"featured_media":2752,"template":"","meta":[],"product_brand":[],"product_cat":[66],"product_tag":[],"class_list":{"0":"post-2176","1":"product","2":"type-product","3":"status-publish","4":"has-post-thumbnail","6":"product_cat-produits-exclusifs-aux-concessionnaires-john-deere","8":"first","9":"instock","10":"shipping-taxable","11":"product-type-simple"},"exclude_global_add_ons":[],"addons":[],"_links":{"self":[{"href":"https:\/\/staging.dion-ag.com\/fr\/wp-json\/wp\/v2\/product\/2176","targetHints":{"allow":["GET"]}}],"collection":[{"href":"https:\/\/staging.dion-ag.com\/fr\/wp-json\/wp\/v2\/product"}],"about":[{"href":"https:\/\/staging.dion-ag.com\/fr\/wp-json\/wp\/v2\/types\/product"}],"wp:featuredmedia":[{"embeddable":true,"href":"https:\/\/staging.dion-ag.com\/fr\/wp-json\/wp\/v2\/media\/2752"}],"wp:attachment":[{"href":"https:\/\/staging.dion-ag.com\/fr\/wp-json\/wp\/v2\/media?parent=2176"}],"wp:term":[{"taxonomy":"product_brand","embeddable":true,"href":"https:\/\/staging.dion-ag.com\/fr\/wp-json\/wp\/v2\/product_brand?post=2176"},{"taxonomy":"product_cat","embeddable":true,"href":"https:\/\/staging.dion-ag.com\/fr\/wp-json\/wp\/v2\/product_cat?post=2176"},{"taxonomy":"product_tag","embeddable":true,"href":"https:\/\/staging.dion-ag.com\/fr\/wp-json\/wp\/v2\/product_tag?post=2176"}],"curies":[{"name":"wp","href":"https:\/\/api.w.org\/{rel}","templated":true}]}}